{"id":62,"date":"2024-06-19T03:00:16","date_gmt":"2024-06-19T03:00:16","guid":{"rendered":"https:\/\/lespierreslacsaguay.ca\/?page_id=62"},"modified":"2024-08-22T15:06:05","modified_gmt":"2024-08-22T15:06:05","slug":"contact","status":"publish","type":"page","link":"https:\/\/lespierreslacsaguay.ca\/?page_id=62","title":{"rendered":"Contact"},"content":{"rendered":"\n<div class=\"wp-block-group alignfull has-accent-background-color has-background has-global-padding is-layout-constrained wp-block-group-is-layout-constrained\" style=\"margin-top:0;margin-bottom:0;padding-top:var(--wp--preset--spacing--50);padding-right:var(--wp--preset--spacing--50);padding-bottom:var(--wp--preset--spacing--50);padding-left:var(--wp--preset--spacing--50)\">\n<div class=\"wp-block-columns alignwide is-layout-flex wp-container-core-columns-is-layout-1 wp-block-columns-is-layout-flex\">\n<div class=\"wp-block-column is-vertically-aligned-stretch is-layout-flow wp-block-column-is-layout-flow\" style=\"flex-basis:50%\">\n<div class=\"wp-block-group is-vertical is-content-justification-stretch is-layout-flex wp-container-core-group-is-layout-1 wp-block-group-is-layout-flex\" style=\"min-height:100%\">\n<p class=\"has-heading-font-family has-x-large-font-size\" style=\"line-height:1.2\">We offer comprehensive consulting, management, design, and solutions. See the full contact information listed below to get in touch with us.<\/p>\n<\/div>\n<\/div>\n\n\n\n<div class=\"wp-block-column is-vertically-aligned-center is-layout-flow wp-block-column-is-layout-flow\" style=\"flex-basis:50%\">\n<figure class=\"wp-block-image size-large is-resized is-style-rounded wp-duotone-unset-1\"><img fetchpriority=\"high\" decoding=\"async\" width=\"792\" height=\"1024\" src=\"https:\/\/lespierreslacsaguay.ca\/wp-content\/uploads\/2024\/06\/sculpture-low-res-final-2-792x1024.jpg\" alt=\"\" class=\"wp-image-81\" style=\"aspect-ratio:0.75;object-fit:cover;width:588px;height:auto\" srcset=\"https:\/\/lespierreslacsaguay.ca\/wp-content\/uploads\/2024\/06\/sculpture-low-res-final-2-792x1024.jpg 792w, https:\/\/lespierreslacsaguay.ca\/wp-content\/uploads\/2024\/06\/sculpture-low-res-final-2-232x300.jpg 232w, https:\/\/lespierreslacsaguay.ca\/wp-content\/uploads\/2024\/06\/sculpture-low-res-final-2-768x993.jpg 768w, https:\/\/lespierreslacsaguay.ca\/wp-content\/uploads\/2024\/06\/sculpture-low-res-final-2.jpg 1176w\" sizes=\"(max-width: 792px) 100vw, 792px\" \/><\/figure>\n\n\n\n<p class=\"wp-container-content-2\"><\/p>\n<\/div>\n<\/div>\n<\/div>\n\n\n\n<div class=\"wp-block-group alignfull has-accent-5-background-color has-background has-global-padding is-layout-constrained wp-block-group-is-layout-constrained\" style=\"margin-top:0;margin-bottom:0;padding-top:var(--wp--preset--spacing--50);padding-right:var(--wp--preset--spacing--50);padding-bottom:var(--wp--preset--spacing--50);padding-left:var(--wp--preset--spacing--50)\">\n<div class=\"wp-block-columns alignwide is-layout-flex wp-container-core-columns-is-layout-2 wp-block-columns-is-layout-flex\">\n<div class=\"wp-block-column is-vertically-aligned-center is-layout-flow wp-block-column-is-layout-flow\" style=\"flex-basis:60%\">\n<figure class=\"wp-block-image size-full is-style-rounded wp-duotone-duotone-1\"><img decoding=\"async\" width=\"2560\" height=\"1714\" src=\"https:\/\/lespierreslacsaguay.ca\/wp-content\/uploads\/2024\/06\/ruben-garcia-R-wQExeiGrc-unsplash-scaled.jpg\" alt=\"\" class=\"wp-image-100\" style=\"aspect-ratio:4\/3;object-fit:cover\" srcset=\"https:\/\/lespierreslacsaguay.ca\/wp-content\/uploads\/2024\/06\/ruben-garcia-R-wQExeiGrc-unsplash-scaled.jpg 2560w, https:\/\/lespierreslacsaguay.ca\/wp-content\/uploads\/2024\/06\/ruben-garcia-R-wQExeiGrc-unsplash-300x201.jpg 300w, https:\/\/lespierreslacsaguay.ca\/wp-content\/uploads\/2024\/06\/ruben-garcia-R-wQExeiGrc-unsplash-1024x686.jpg 1024w, https:\/\/lespierreslacsaguay.ca\/wp-content\/uploads\/2024\/06\/ruben-garcia-R-wQExeiGrc-unsplash-768x514.jpg 768w, https:\/\/lespierreslacsaguay.ca\/wp-content\/uploads\/2024\/06\/ruben-garcia-R-wQExeiGrc-unsplash-1536x1028.jpg 1536w, https:\/\/lespierreslacsaguay.ca\/wp-content\/uploads\/2024\/06\/ruben-garcia-R-wQExeiGrc-unsplash-2048x1371.jpg 2048w\" sizes=\"(max-width: 2560px) 100vw, 2560px\" \/><\/figure>\n<\/div>\n\n\n\n<div class=\"wp-block-column is-layout-flow wp-block-column-is-layout-flow\" style=\"flex-basis:40%\">\n<h2 class=\"wp-block-heading\">Les Pierres Lac-Saguay<\/h2>\n\n\n\n<div class=\"wp-block-group is-nowrap is-layout-flex wp-container-core-group-is-layout-3 wp-block-group-is-layout-flex\">\n<div class=\"wp-block-outermost-icon-block\"><div class=\"icon-container\" style=\"width:48px\"><svg xmlns=\"http:\/\/www.w3.org\/2000\/svg\" fill=\"none\" viewBox=\"0 0 24 24\" stroke-width=\"1.5\" stroke=\"currentColor\" class=\"size-6\"><path stroke-linecap=\"round\" stroke-linejoin=\"round\" d=\"M21.75 6.75v10.5a2.25 2.25 0 0 1-2.25 2.25h-15a2.25 2.25 0 0 1-2.25-2.25V6.75m19.5 0A2.25 2.25 0 0 0 19.5 4.5h-15a2.25 2.25 0 0 0-2.25 2.25m19.5 0v.243a2.25 2.25 0 0 1-1.07 1.916l-7.5 4.615a2.25 2.25 0 0 1-2.36 0L3.32 8.91a2.25 2.25 0 0 1-1.07-1.916V6.75\"><\/path><\/svg><\/div><\/div>\n\n\n\n<p>Email: wallymenghi@hotmail.com<\/p>\n<\/div>\n\n\n\n<div class=\"wp-block-group is-nowrap is-layout-flex wp-container-core-group-is-layout-4 wp-block-group-is-layout-flex\">\n<div class=\"wp-block-outermost-icon-block\"><div class=\"icon-container\" style=\"width:48px\"><svg xmlns=\"http:\/\/www.w3.org\/2000\/svg\" fill=\"none\" viewBox=\"0 0 24 24\" stroke-width=\"1.5\" stroke=\"currentColor\" class=\"size-6\"><path stroke-linecap=\"round\" stroke-linejoin=\"round\" d=\"M2.25 6.75c0 8.284 6.716 15 15 15h2.25a2.25 2.25 0 0 0 2.25-2.25v-1.372c0-.516-.351-.966-.852-1.091l-4.423-1.106c-.44-.11-.902.055-1.173.417l-.97 1.293c-.282.376-.769.542-1.21.38a12.035 12.035 0 0 1-7.143-7.143c-.162-.441.004-.928.38-1.21l1.293-.97c.363-.271.527-.734.417-1.173L6.963 3.102a1.125 1.125 0 0 0-1.091-.852H4.5A2.25 2.25 0 0 0 2.25 4.5v2.25Z\"><\/path><\/svg><\/div><\/div>\n\n\n\n<p>Tel.: (<strong>514)-816-5045<\/strong><\/p>\n<\/div>\n\n\n\n<div class=\"wp-block-group is-nowrap is-layout-flex wp-container-core-group-is-layout-5 wp-block-group-is-layout-flex\">\n<div class=\"wp-block-outermost-icon-block\"><div class=\"icon-container\" style=\"width:48px\"><svg xmlns=\"http:\/\/www.w3.org\/2000\/svg\" fill=\"none\" viewBox=\"0 0 24 24\" stroke-width=\"1.5\" stroke=\"currentColor\" class=\"size-6\"><path stroke-linecap=\"round\" stroke-linejoin=\"round\" d=\"M6.72 13.829c-.24.03-.48.062-.72.096m.72-.096a42.415 42.415 0 0 1 10.56 0m-10.56 0L6.34 18m10.94-4.171c.24.03.48.062.72.096m-.72-.096L17.66 18m0 0 .229 2.523a1.125 1.125 0 0 1-1.12 1.227H7.231c-.662 0-1.18-.568-1.12-1.227L6.34 18m11.318 0h1.091A2.25 2.25 0 0 0 21 15.75V9.456c0-1.081-.768-2.015-1.837-2.175a48.055 48.055 0 0 0-1.913-.247M6.34 18H5.25A2.25 2.25 0 0 1 3 15.75V9.456c0-1.081.768-2.015 1.837-2.175a48.041 48.041 0 0 1 1.913-.247m10.5 0a48.536 48.536 0 0 0-10.5 0m10.5 0V3.375c0-.621-.504-1.125-1.125-1.125h-8.25c-.621 0-1.125.504-1.125 1.125v3.659M18 10.5h.008v.008H18V10.5Zm-3 0h.008v.008H15V10.5Z\"><\/path><\/svg><\/div><\/div>\n\n\n\n<p>Fax: 866-486-3754<\/p>\n<\/div>\n\n\n\n<div style=\"height:30px\" aria-hidden=\"true\" class=\"wp-block-spacer\"><\/div>\n\n\n\n<p>Wally Menghi, Charg\u00e9 de projet<\/p>\n\n\n\n<p>Les&nbsp;Pierres&nbsp;Lac-Saguay, Inc.<\/p>\n\n\n\n<p><strong>25 Rue de Port-Royal E #107<\/strong><\/p>\n\n\n\n<p>Montr\u00e9al, Qu\u00e9bec H3L&nbsp;3T1<\/p>\n\n\n\n<p>RBQ:&nbsp; 56748031-01 | AMF:&nbsp; 300037511<\/p>\n<\/div>\n<\/div>\n<\/div>\n","protected":false},"excerpt":{"rendered":"<p>We offer comprehensive consulting, management, design, and solutions. See the full contact information listed below to get in touch with us. Les Pierres Lac-Saguay Email: wallymenghi@hotmail.com Tel.: (514)-816-5045 Fax: 866-486-3754 Wally Menghi, Charg\u00e9 de projet Les&nbsp;Pierres&nbsp;Lac-Saguay, Inc. 25 Rue de Port-Royal E #107 Montr\u00e9al, Qu\u00e9bec H3L&nbsp;3T1 RBQ:&nbsp; 56748031-01 | AMF:&nbsp; 300037511<\/p>\n","protected":false},"author":1,"featured_media":0,"parent":0,"menu_order":0,"comment_status":"closed","ping_status":"closed","template":"","meta":{"_monsterinsights_skip_tracking":false,"_monsterinsights_sitenote_active":false,"_monsterinsights_sitenote_note":"","_monsterinsights_sitenote_category":0,"footnotes":""},"aioseo_notices":[],"_links":{"self":[{"href":"https:\/\/lespierreslacsaguay.ca\/index.php?rest_route=\/wp\/v2\/pages\/62"}],"collection":[{"href":"https:\/\/lespierreslacsaguay.ca\/index.php?rest_route=\/wp\/v2\/pages"}],"about":[{"href":"https:\/\/lespierreslacsaguay.ca\/index.php?rest_route=\/wp\/v2\/types\/page"}],"author":[{"embeddable":true,"href":"https:\/\/lespierreslacsaguay.ca\/index.php?rest_route=\/wp\/v2\/users\/1"}],"replies":[{"embeddable":true,"href":"https:\/\/lespierreslacsaguay.ca\/index.php?rest_route=%2Fwp%2Fv2%2Fcomments&post=62"}],"version-history":[{"count":16,"href":"https:\/\/lespierreslacsaguay.ca\/index.php?rest_route=\/wp\/v2\/pages\/62\/revisions"}],"predecessor-version":[{"id":311,"href":"https:\/\/lespierreslacsaguay.ca\/index.php?rest_route=\/wp\/v2\/pages\/62\/revisions\/311"}],"wp:attachment":[{"href":"https:\/\/lespierreslacsaguay.ca\/index.php?rest_route=%2Fwp%2Fv2%2Fmedia&parent=62"}],"curies":[{"name":"wp","href":"https:\/\/api.w.org\/{rel}","templated":true}]}}